{"id":59,"date":"2019-10-28T17:55:25","date_gmt":"2019-10-28T16:55:25","guid":{"rendered":"http:\/\/bilety.pkszdwola.pl\/?page_id=59"},"modified":"2019-10-29T13:25:45","modified_gmt":"2019-10-29T12:25:45","slug":"stacja-kontroli-pojazdow","status":"publish","type":"page","link":"https:\/\/pkszdwola.pl\/index.php\/stacja-kontroli-pojazdow\/","title":{"rendered":"Stacja Kontroli Pojazd\u00f3w"},"content":{"rendered":"<p>Nasza Stacja Kontroli Pojazd\u00f3w zrzeszona jest w <a href=\"http:\/\/www.piskp.pl\" target=\"_blank\" rel=\"noopener noreferrer\">Polskiej Izbie Stacji Kontroli Pojazd\u00f3w<\/a>.<\/p>\n<p>\u00a0<\/p>\n<p><strong>Wykonujemy nast\u0119puj\u0105ce us\u0142ugi:<\/strong><\/p>\n<p><strong>1. Okresowe badania techniczne:<\/strong><br \/>&#8211; samochod\u00f3w osobowych i ci\u0119\u017carowych;<br \/>&#8211; motocykli;<br \/>&#8211; ci\u0105gnik\u00f3w rolniczych;<br \/>&#8211; pojazd\u00f3w marki &#8222;SAM&#8221;;<br \/>&#8211; pojazd\u00f3w uprzywilejowanych i taks\u00f3wek.<br \/><strong>2. Pierwsze badania techniczne:<\/strong><br \/>&#8211; pojazd\u00f3w sprowadzonych z zagranicy;<br \/>&#8211; pojazd\u00f3w wycofanych z ruchu drogowego i zg\u0142oszonych do ponownej rejestracji;<br \/><strong>3. Dodatkowe badania techniczne:<\/strong><br \/>&#8211; pojazd\u00f3w z instalacj\u0105 gazow\u0105;<br \/>&#8211; pojazd\u00f3w przewo\u017c\u0105cych materia\u0142y niebezpieczne;<br \/>&#8211; pojazd\u00f3w uczestnicz\u0105cych w kolizji, wypadku drogowym;<br \/>&#8211; pojazd\u00f3w przystosowanych do ci\u0105gni\u0119cia przyczepy;<br \/>&#8211; pojazd\u00f3w z zatrzymanym przez policj\u0119 dowodem rejestracyjnym;<br \/>&#8211; pojazd\u00f3w, w kt\u00f3rych dokonano zmian konstrukcyjnych;<br \/>&#8211; pojazd\u00f3w po wymianie podwozia (ramy);<br \/>&#8211; pojazd\u00f3w przeznaczonych do nauki jazdy;<br \/>&#8211; sprawdzanie mechanizm\u00f3w i zespo\u0142\u00f3w w poje\u017adzie: amortyzatory, toksyczno\u015b\u0107 spalin, \u015bwiat\u0142a itd.<br \/><strong>4. Nadawanie i wybijanie numer\u00f3w nadwozia, silnika i wykonywanie tabliczek zast\u0119pczych.<\/strong><\/p>\n<p><strong>Zapraszamy:<\/strong><br \/>Poniedzia\u0142ek &#8211; Pi\u0105tek: 6.30 &#8211; 18.00<br \/>Sobota: 7.00 &#8211; 12.00<\/p>\n<p><strong>Kontakt:<\/strong><br \/>98-220 Zdu\u0144ska Wola<br \/>ul. \u0141aska 36<br \/>tel. 519 636 674<\/p>\n","protected":false},"excerpt":{"rendered":"<p>Nasza Stacja Kontroli Pojazd\u00f3w zrzeszona jest w Polskiej Izbie Stacji Kontroli Pojazd\u00f3w. \u00a0 Wykonujemy nast\u0119puj\u0105ce us\u0142ugi: 1. Okresowe badania techniczne:&#8211; samochod\u00f3w osobowych i ci\u0119\u017carowych;&#8211; motocykli;&#8211; ci\u0105gnik\u00f3w rolniczych;&#8211; pojazd\u00f3w marki &#8222;SAM&#8221;;&#8211; pojazd\u00f3w uprzywilejowanych i taks\u00f3wek.2.&#46;&#46;&#46;<\/p>\n","protected":false},"author":1,"featured_media":0,"parent":0,"menu_order":0,"comment_status":"closed","ping_status":"closed","template":"","meta":{"footnotes":""},"class_list":["post-59","page","type-page","status-publish","hentry"],"_links":{"self":[{"href":"https:\/\/pkszdwola.pl\/index.php\/wp-json\/wp\/v2\/pages\/59","targetHints":{"allow":["GET"]}}],"collection":[{"href":"https:\/\/pkszdwola.pl\/index.php\/wp-json\/wp\/v2\/pages"}],"about":[{"href":"https:\/\/pkszdwola.pl\/index.php\/wp-json\/wp\/v2\/types\/page"}],"author":[{"embeddable":true,"href":"https:\/\/pkszdwola.pl\/index.php\/wp-json\/wp\/v2\/users\/1"}],"replies":[{"embeddable":true,"href":"https:\/\/pkszdwola.pl\/index.php\/wp-json\/wp\/v2\/comments?post=59"}],"version-history":[{"count":4,"href":"https:\/\/pkszdwola.pl\/index.php\/wp-json\/wp\/v2\/pages\/59\/revisions"}],"predecessor-version":[{"id":65,"href":"https:\/\/pkszdwola.pl\/index.php\/wp-json\/wp\/v2\/pages\/59\/revisions\/65"}],"wp:attachment":[{"href":"https:\/\/pkszdwola.pl\/index.php\/wp-json\/wp\/v2\/media?parent=59"}],"curies":[{"name":"wp","href":"https:\/\/api.w.org\/{rel}","templated":true}]}}